{"id":33793,"date":"2022-05-05T12:48:47","date_gmt":"2022-05-05T12:48:47","guid":{"rendered":"https:\/\/departamentomedicinaclinica.umh.es\/?page_id=33793"},"modified":"2026-03-31T15:38:15","modified_gmt":"2026-03-31T15:38:15","slug":"personal-docente-e-investigador","status":"publish","type":"page","link":"https:\/\/departamentomedicinaclinica.umh.es\/ca\/personal\/personal-docente-e-investigador\/","title":{"rendered":"<span lang=\"es\">(Espa\u00f1ol) Personal Docente e Investigador<\/span>"},"content":{"rendered":"<p class=\"qtranxs-available-languages-message qtranxs-available-languages-message-ca\">Ho sentim, aquesta entrada es troba disponible \u00fanicament en <a href=\"https:\/\/departamentomedicinaclinica.umh.es\/es\/wp-json\/wp\/v2\/pages\/33793\" class=\"qtranxs-available-language-link qtranxs-available-language-link-es\" title=\"Espa\u00f1ol\">Espanyol Europeu<\/a>.<\/p>","protected":false},"excerpt":{"rendered":"<p>Ho sentim, aquesta entrada es troba disponible \u00fanicament en Espanyol Europeu.<\/p>\n","protected":false},"author":3782,"featured_media":0,"parent":40,"menu_order":2,"comment_status":"closed","ping_status":"closed","template":"","meta":{"_links_to":"","_links_to_target":""},"yoast_head":"<!-- This site is optimized with the Yoast SEO plugin v17.5 - https:\/\/yoast.com\/wordpress\/plugins\/seo\/ -->\n<meta name=\"description\" content=\"(Espa\u00f1ol) Departamento Medicina Cl\u00ednica Universidad Miguel Her\u00e1ndez - Personal Docente e Investigador\" \/>\n<meta name=\"robots\" content=\"index, follow, max-snippet:-1, max-image-preview:large, max-video-preview:-1\" \/>\n<link rel=\"canonical\" href=\"https:\/\/departamentomedicinaclinica.umh.es\/ca\/personal\/personal-docente-e-investigador\/\" \/>\n<meta property=\"og:locale\" content=\"ca_ES\" \/>\n<meta property=\"og:type\" content=\"article\" \/>\n<meta property=\"og:title\" content=\"(Espa\u00f1ol) Personal Docente e Investigador - Departamento de Medicina Cl\u00ednica UMH\" \/>\n<meta property=\"og:description\" content=\"&lt;span lang=&quot;es&quot;&gt;(Espa\u00f1ol) Departamento Medicina Cl\u00ednica Universidad Miguel Her\u00e1ndez - Personal Docente e Investigador&lt;\/span&gt;\" \/>\n<meta property=\"og:url\" content=\"https:\/\/departamentomedicinaclinica.umh.es\/personal\/personal-docente-e-investigador\/\" \/>\n<meta property=\"og:site_name\" content=\"Departamento de Medicina Cl\u00ednica UMH\" \/>\n<meta property=\"article:modified_time\" content=\"2026-03-31T15:38:15+00:00\" \/>\n<meta property=\"og:image\" content=\"https:\/\/departamentomedicinaclinica.umh.es\/files\/2022\/11\/iconoumh.png\" \/>\n<meta name=\"twitter:card\" content=\"summary_large_image\" \/>\n<meta name=\"twitter:site\" content=\"@medicinaumh\" \/>\n<meta name=\"twitter:label1\" content=\"Est. reading time\" \/>\n\t<meta name=\"twitter:data1\" content=\"190 minuts\" \/>\n<script type=\"application\/ld+json\" class=\"yoast-schema-graph\">{\"@context\":\"https:\/\/schema.org\",\"@graph\":[{\"@type\":\"Organization\",\"@id\":\"https:\/\/departamentomedicinaclinica.umh.es\/#organization\",\"name\":\"Departamento Medicina Cl\\u00ednica Universidad Miguel Hern\\u00e1ndez de Elche\",\"url\":\"https:\/\/departamentomedicinaclinica.umh.es\/\",\"sameAs\":[\"https:\/\/www.youtube.com\/playlist?list=PLClKgnzRFYe6Y_i4QLNSlOwsZn0X3Klmb\",\"https:\/\/twitter.com\/medicinaumh\"],\"logo\":{\"@type\":\"ImageObject\",\"@id\":\"https:\/\/departamentomedicinaclinica.umh.es\/#logo\",\"inLanguage\":\"ca\",\"url\":\"https:\/\/departamentomedicinaclinica.umh.es\/files\/2024\/07\/meclin-vertical.png\",\"contentUrl\":\"https:\/\/departamentomedicinaclinica.umh.es\/files\/2024\/07\/meclin-vertical.png\",\"width\":1376,\"height\":1600,\"caption\":\"Departamento Medicina Cl\\u00ednica Universidad Miguel Hern\\u00e1ndez de Elche\"},\"image\":{\"@id\":\"https:\/\/departamentomedicinaclinica.umh.es\/#logo\"}},{\"@type\":\"WebSite\",\"@id\":\"https:\/\/departamentomedicinaclinica.umh.es\/#website\",\"url\":\"https:\/\/departamentomedicinaclinica.umh.es\/\",\"name\":\"Departamento de Medicina Cl\\u00ednica UMH\",\"description\":\"Otro sitio m\\u00e1s de Zeus.umh.es Blogs\",\"publisher\":{\"@id\":\"https:\/\/departamentomedicinaclinica.umh.es\/#organization\"},\"potentialAction\":[{\"@type\":\"SearchAction\",\"target\":{\"@type\":\"EntryPoint\",\"urlTemplate\":\"https:\/\/departamentomedicinaclinica.umh.es\/?s={search_term_string}\"},\"query-input\":\"required name=search_term_string\"}],\"inLanguage\":\"ca\"},{\"@type\":\"ImageObject\",\"@id\":\"https:\/\/departamentomedicinaclinica.umh.es\/personal\/personal-docente-e-investigador\/#primaryimage\",\"inLanguage\":\"ca\",\"url\":\"https:\/\/departamentomedicinaclinica.umh.es\/files\/2022\/11\/iconoumh.png\",\"contentUrl\":\"https:\/\/departamentomedicinaclinica.umh.es\/files\/2022\/11\/iconoumh.png\",\"width\":51,\"height\":51,\"caption\":\"Sin Foto iconoumh\"},{\"@type\":\"WebPage\",\"@id\":\"https:\/\/departamentomedicinaclinica.umh.es\/personal\/personal-docente-e-investigador\/#webpage\",\"url\":\"https:\/\/departamentomedicinaclinica.umh.es\/personal\/personal-docente-e-investigador\/\",\"name\":\"<span lang=\\\"es\\\">(Espa\\u00f1ol) Personal Docente e Investigador - Departamento de Medicina Cl\\u00ednica UMH<\/span>\",\"isPartOf\":{\"@id\":\"https:\/\/departamentomedicinaclinica.umh.es\/#website\"},\"primaryImageOfPage\":{\"@id\":\"https:\/\/departamentomedicinaclinica.umh.es\/personal\/personal-docente-e-investigador\/#primaryimage\"},\"datePublished\":\"2022-05-05T12:48:47+00:00\",\"dateModified\":\"2026-03-31T15:38:15+00:00\",\"description\":\"<span lang=\\\"es\\\">(Espa\\u00f1ol) Departamento Medicina Cl\\u00ednica Universidad Miguel Her\\u00e1ndez - Personal Docente e Investigador<\/span>\",\"breadcrumb\":{\"@id\":\"https:\/\/departamentomedicinaclinica.umh.es\/personal\/personal-docente-e-investigador\/#breadcrumb\"},\"inLanguage\":\"ca\",\"potentialAction\":[{\"@type\":\"ReadAction\",\"target\":[\"https:\/\/departamentomedicinaclinica.umh.es\/personal\/personal-docente-e-investigador\/\"]}]},{\"@type\":\"BreadcrumbList\",\"@id\":\"https:\/\/departamentomedicinaclinica.umh.es\/personal\/personal-docente-e-investigador\/#breadcrumb\",\"itemListElement\":[{\"@type\":\"ListItem\",\"position\":1,\"name\":\"Portada\",\"item\":\"https:\/\/departamentomedicinaclinica.umh.es\/\"},{\"@type\":\"ListItem\",\"position\":2,\"name\":\"Directorio\",\"item\":\"https:\/\/departamentomedicinaclinica.umh.es\/personal\/\"},{\"@type\":\"ListItem\",\"position\":3,\"name\":\"Personal Docente e Investigador\"}]}]}<\/script>\n<!-- \/ Yoast SEO plugin. -->","yoast_head_json":{"description":"(Espa\u00f1ol) Departamento Medicina Cl\u00ednica Universidad Miguel Her\u00e1ndez - Personal Docente e Investigador","robots":{"index":"index","follow":"follow","max-snippet":"max-snippet:-1","max-image-preview":"max-image-preview:large","max-video-preview":"max-video-preview:-1"},"canonical":"https:\/\/departamentomedicinaclinica.umh.es\/ca\/personal\/personal-docente-e-investigador\/","og_locale":"ca_ES","og_type":"article","og_title":"(Espa\u00f1ol) Personal Docente e Investigador - Departamento de Medicina Cl\u00ednica UMH","og_description":"<span lang=\"es\">(Espa\u00f1ol) Departamento Medicina Cl\u00ednica Universidad Miguel Her\u00e1ndez - Personal Docente e Investigador<\/span>","og_url":"https:\/\/departamentomedicinaclinica.umh.es\/personal\/personal-docente-e-investigador\/","og_site_name":"Departamento de Medicina Cl\u00ednica UMH","article_modified_time":"2026-03-31T15:38:15+00:00","og_image":[{"url":"https:\/\/departamentomedicinaclinica.umh.es\/files\/2022\/11\/iconoumh.png"}],"twitter_card":"summary_large_image","twitter_site":"@medicinaumh","twitter_misc":{"Est. reading time":"190 minuts"},"schema":{"@context":"https:\/\/schema.org","@graph":[{"@type":"Organization","@id":"https:\/\/departamentomedicinaclinica.umh.es\/#organization","name":"Departamento Medicina Cl\u00ednica Universidad Miguel Hern\u00e1ndez de Elche","url":"https:\/\/departamentomedicinaclinica.umh.es\/","sameAs":["https:\/\/www.youtube.com\/playlist?list=PLClKgnzRFYe6Y_i4QLNSlOwsZn0X3Klmb","https:\/\/twitter.com\/medicinaumh"],"logo":{"@type":"ImageObject","@id":"https:\/\/departamentomedicinaclinica.umh.es\/#logo","inLanguage":"ca","url":"https:\/\/departamentomedicinaclinica.umh.es\/files\/2024\/07\/meclin-vertical.png","contentUrl":"https:\/\/departamentomedicinaclinica.umh.es\/files\/2024\/07\/meclin-vertical.png","width":1376,"height":1600,"caption":"Departamento Medicina Cl\u00ednica Universidad Miguel Hern\u00e1ndez de Elche"},"image":{"@id":"https:\/\/departamentomedicinaclinica.umh.es\/#logo"}},{"@type":"WebSite","@id":"https:\/\/departamentomedicinaclinica.umh.es\/#website","url":"https:\/\/departamentomedicinaclinica.umh.es\/","name":"Departamento de Medicina Cl\u00ednica UMH","description":"Otro sitio m\u00e1s de Zeus.umh.es Blogs","publisher":{"@id":"https:\/\/departamentomedicinaclinica.umh.es\/#organization"},"potentialAction":[{"@type":"SearchAction","target":{"@type":"EntryPoint","urlTemplate":"https:\/\/departamentomedicinaclinica.umh.es\/?s={search_term_string}"},"query-input":"required name=search_term_string"}],"inLanguage":"ca"},{"@type":"ImageObject","@id":"https:\/\/departamentomedicinaclinica.umh.es\/personal\/personal-docente-e-investigador\/#primaryimage","inLanguage":"ca","url":"https:\/\/departamentomedicinaclinica.umh.es\/files\/2022\/11\/iconoumh.png","contentUrl":"https:\/\/departamentomedicinaclinica.umh.es\/files\/2022\/11\/iconoumh.png","width":51,"height":51,"caption":"Sin Foto iconoumh"},{"@type":"WebPage","@id":"https:\/\/departamentomedicinaclinica.umh.es\/personal\/personal-docente-e-investigador\/#webpage","url":"https:\/\/departamentomedicinaclinica.umh.es\/personal\/personal-docente-e-investigador\/","name":"<span lang=\"es\">(Espa\u00f1ol) Personal Docente e Investigador - Departamento de Medicina Cl\u00ednica UMH<\/span>","isPartOf":{"@id":"https:\/\/departamentomedicinaclinica.umh.es\/#website"},"primaryImageOfPage":{"@id":"https:\/\/departamentomedicinaclinica.umh.es\/personal\/personal-docente-e-investigador\/#primaryimage"},"datePublished":"2022-05-05T12:48:47+00:00","dateModified":"2026-03-31T15:38:15+00:00","description":"<span lang=\"es\">(Espa\u00f1ol) Departamento Medicina Cl\u00ednica Universidad Miguel Her\u00e1ndez - Personal Docente e Investigador<\/span>","breadcrumb":{"@id":"https:\/\/departamentomedicinaclinica.umh.es\/personal\/personal-docente-e-investigador\/#breadcrumb"},"inLanguage":"ca","potentialAction":[{"@type":"ReadAction","target":["https:\/\/departamentomedicinaclinica.umh.es\/personal\/personal-docente-e-investigador\/"]}]},{"@type":"BreadcrumbList","@id":"https:\/\/departamentomedicinaclinica.umh.es\/personal\/personal-docente-e-investigador\/#breadcrumb","itemListElement":[{"@type":"ListItem","position":1,"name":"Portada","item":"https:\/\/departamentomedicinaclinica.umh.es\/"},{"@type":"ListItem","position":2,"name":"Directorio","item":"https:\/\/departamentomedicinaclinica.umh.es\/personal\/"},{"@type":"ListItem","position":3,"name":"Personal Docente e Investigador"}]}]}},"_links":{"self":[{"href":"https:\/\/departamentomedicinaclinica.umh.es\/ca\/wp-json\/wp\/v2\/pages\/33793"}],"collection":[{"href":"https:\/\/departamentomedicinaclinica.umh.es\/ca\/wp-json\/wp\/v2\/pages"}],"about":[{"href":"https:\/\/departamentomedicinaclinica.umh.es\/ca\/wp-json\/wp\/v2\/types\/page"}],"author":[{"embeddable":true,"href":"https:\/\/departamentomedicinaclinica.umh.es\/ca\/wp-json\/wp\/v2\/users\/3782"}],"replies":[{"embeddable":true,"href":"https:\/\/departamentomedicinaclinica.umh.es\/ca\/wp-json\/wp\/v2\/comments?post=33793"}],"version-history":[{"count":0,"href":"https:\/\/departamentomedicinaclinica.umh.es\/ca\/wp-json\/wp\/v2\/pages\/33793\/revisions"}],"up":[{"embeddable":true,"href":"https:\/\/departamentomedicinaclinica.umh.es\/ca\/wp-json\/wp\/v2\/pages\/40"}],"wp:attachment":[{"href":"https:\/\/departamentomedicinaclinica.umh.es\/ca\/wp-json\/wp\/v2\/media?parent=33793"}],"curies":[{"name":"wp","href":"https:\/\/api.w.org\/{rel}","templated":true}]}}