{"id":26047,"date":"2022-03-16T13:55:54","date_gmt":"2022-03-16T13:55:54","guid":{"rendered":"https:\/\/departamentomedicinaclinica.umh.es\/?page_id=26047"},"modified":"2022-12-01T15:04:45","modified_gmt":"2022-12-01T15:04:45","slug":"postgrado-2","status":"publish","type":"page","link":"https:\/\/departamentomedicinaclinica.umh.es\/en\/postgrado-2\/","title":{"rendered":"Postgrado"},"content":{"rendered":"<p><\/p>\n<p style=\"margin: 0px 0px 16px;padding: 0px;color: #555555;text-indent: 0px;letter-spacing: normal;font-family: Verdana, 'BitStream vera Sans', Tahoma, Helvetica, sans-serif;font-size: 16px;font-style: normal;font-weight: 400;background-color: #ffffff\">The faculty of the Department of medicina cl\u00ednica teaches in the following official postgraduate degrees and own degrees:<\/p>\n<p style=\"margin: 0px 0px 10px;padding: 0px;color: #555555;text-indent: 0px;letter-spacing: normal;font-family: Verdana, 'BitStream vera Sans', Tahoma, Helvetica, sans-serif;font-size: 11px;font-style: normal;font-weight: 400;background-color: #ffffff\"><strong>NATIONALLY ACCREDITED MASTER\u2019S<\/strong><\/p>\n<ul>\n<li><a href=\"https:\/\/www.umh.es\/contenido\/Alumni\/:tit_m_114\/datos_en.html\">Master\u2019s Degree in Research in Primary Care<\/a><\/li>\n<li><a href=\"https:\/\/www.umh.es\/contenido\/Estudios\/:tit_m_159\/datos_en.html\">Master\u2019s Degree in Infectious Diseases and International Health<\/a><\/li>\n<li><a href=\"https:\/\/www.umh.es\/contenido\/Estudios\/:tit_m_193\/datos_en.html\">Master\u2019s Degree in Research in Clinical Medicine<\/a><\/li>\n<li><a href=\"https:\/\/www.umh.es\/contenido\/Estudios\/:tit_m_239\/datos_en.html\">Master\u2019s Degree in Emergency Medicine<\/a><\/li>\n<li><a href=\"https:\/\/www.umh.es\/contenido\/Estudios\/:tit_m_240\/datos_en.html\">Master\u2019s Degree in Health Management<\/a><\/li>\n<\/ul>\n<p style=\"margin: 0px 0px 10px;padding: 0px;color: #555555;text-indent: 0px;letter-spacing: normal;font-family: Verdana, 'BitStream vera Sans', Tahoma, Helvetica, sans-serif;font-size: 11px;font-style: normal;font-weight: 400;background-color: #ffffff\"><strong>DOCTORATES<\/strong><\/p>\n<ul>\n<li><a href=\"https:\/\/umh.es\/contenido\/Estudios\/:tit_d_215\/datos_en.html\">PHD Program in Public Health, Medical and Surgical Sciences<\/a><\/li>\n<\/ul>\n<p>&lt;!&#8211;<br \/>\n<strong>CONTINUING EDUCATION COURSES<\/strong><\/p>\n<ul>\n<li><a href=\"https:\/\/www.umh.es\/contenido\/Estudios\/:tit_fpo_8932\/datos_es.html\">Experto universitario en fundamentos para la investigaci\u00f3n en VIH SIDA y enfermedades asociadas<\/a>.<\/li>\n<\/ul>\n<p>&#8211;&gt;<\/p>","protected":false},"excerpt":{"rendered":"<p>The faculty of the Department of medicina cl\u00ednica teaches in the following official postgraduate degrees and own degrees: NATIONALLY ACCREDITED MASTER\u2019S Master\u2019s Degree in Research in Primary Care Master\u2019s Degree in Infectious Diseases and International Health Master\u2019s Degree in Research in Clinical Medicine Master\u2019s Degree in Emergency Medicine Master\u2019s Degree in Health Management DOCTORATES PHD [&hellip;]<\/p>\n","protected":false},"author":3782,"featured_media":0,"parent":0,"menu_order":40,"comment_status":"closed","ping_status":"closed","template":"","meta":{"_links_to":"","_links_to_target":""},"yoast_head":"<!-- This site is optimized with the Yoast SEO plugin v17.5 - https:\/\/yoast.com\/wordpress\/plugins\/seo\/ -->\n<meta name=\"description\" content=\"Departamento Medicina Cl\u00ednica Universidad Miguel Her\u00e1ndez - Postgrado\" \/>\n<meta name=\"robots\" content=\"index, follow, max-snippet:-1, max-image-preview:large, max-video-preview:-1\" \/>\n<link rel=\"canonical\" href=\"https:\/\/departamentomedicinaclinica.umh.es\/en\/postgrado-2\/\" \/>\n<meta property=\"og:locale\" content=\"en_US\" \/>\n<meta property=\"og:type\" content=\"article\" \/>\n<meta property=\"og:title\" content=\"Postgrado - Departamento de Medicina Cl\u00ednica UMH\" \/>\n<meta property=\"og:description\" content=\"Departamento Medicina Cl\u00ednica Universidad Miguel Her\u00e1ndez - Postgrado\" \/>\n<meta property=\"og:url\" content=\"https:\/\/departamentomedicinaclinica.umh.es\/postgrado-2\/\" \/>\n<meta property=\"og:site_name\" content=\"Departamento de Medicina Cl\u00ednica UMH\" \/>\n<meta property=\"article:modified_time\" content=\"2022-12-01T15:04:45+00:00\" \/>\n<meta name=\"twitter:card\" content=\"summary_large_image\" \/>\n<meta name=\"twitter:site\" content=\"@medicinaumh\" \/>\n<meta name=\"twitter:label1\" content=\"Est. reading time\" \/>\n\t<meta name=\"twitter:data1\" content=\"1 minute\" \/>\n<script type=\"application\/ld+json\" class=\"yoast-schema-graph\">{\"@context\":\"https:\/\/schema.org\",\"@graph\":[{\"@type\":\"Organization\",\"@id\":\"https:\/\/departamentomedicinaclinica.umh.es\/#organization\",\"name\":\"Departamento Medicina Cl\\u00ednica Universidad Miguel Hern\\u00e1ndez de Elche\",\"url\":\"https:\/\/departamentomedicinaclinica.umh.es\/\",\"sameAs\":[\"https:\/\/www.youtube.com\/playlist?list=PLClKgnzRFYe6Y_i4QLNSlOwsZn0X3Klmb\",\"https:\/\/twitter.com\/medicinaumh\"],\"logo\":{\"@type\":\"ImageObject\",\"@id\":\"https:\/\/departamentomedicinaclinica.umh.es\/#logo\",\"inLanguage\":\"en-US\",\"url\":\"https:\/\/departamentomedicinaclinica.umh.es\/files\/2024\/07\/meclin-vertical.png\",\"contentUrl\":\"https:\/\/departamentomedicinaclinica.umh.es\/files\/2024\/07\/meclin-vertical.png\",\"width\":1376,\"height\":1600,\"caption\":\"Departamento Medicina Cl\\u00ednica Universidad Miguel Hern\\u00e1ndez de Elche\"},\"image\":{\"@id\":\"https:\/\/departamentomedicinaclinica.umh.es\/#logo\"}},{\"@type\":\"WebSite\",\"@id\":\"https:\/\/departamentomedicinaclinica.umh.es\/#website\",\"url\":\"https:\/\/departamentomedicinaclinica.umh.es\/\",\"name\":\"Departamento de Medicina Cl\\u00ednica UMH\",\"description\":\"Otro sitio m\\u00e1s de Zeus.umh.es Blogs\",\"publisher\":{\"@id\":\"https:\/\/departamentomedicinaclinica.umh.es\/#organization\"},\"potentialAction\":[{\"@type\":\"SearchAction\",\"target\":{\"@type\":\"EntryPoint\",\"urlTemplate\":\"https:\/\/departamentomedicinaclinica.umh.es\/?s={search_term_string}\"},\"query-input\":\"required name=search_term_string\"}],\"inLanguage\":\"en-US\"},{\"@type\":\"WebPage\",\"@id\":\"https:\/\/departamentomedicinaclinica.umh.es\/postgrado-2\/#webpage\",\"url\":\"https:\/\/departamentomedicinaclinica.umh.es\/postgrado-2\/\",\"name\":\"Postgrado - Departamento de Medicina Cl\\u00ednica UMH\",\"isPartOf\":{\"@id\":\"https:\/\/departamentomedicinaclinica.umh.es\/#website\"},\"datePublished\":\"2022-03-16T13:55:54+00:00\",\"dateModified\":\"2022-12-01T15:04:45+00:00\",\"description\":\"Departamento Medicina Cl\\u00ednica Universidad Miguel Her\\u00e1ndez - Postgrado\",\"breadcrumb\":{\"@id\":\"https:\/\/departamentomedicinaclinica.umh.es\/postgrado-2\/#breadcrumb\"},\"inLanguage\":\"en-US\",\"potentialAction\":[{\"@type\":\"ReadAction\",\"target\":[\"https:\/\/departamentomedicinaclinica.umh.es\/postgrado-2\/\"]}]},{\"@type\":\"BreadcrumbList\",\"@id\":\"https:\/\/departamentomedicinaclinica.umh.es\/postgrado-2\/#breadcrumb\",\"itemListElement\":[{\"@type\":\"ListItem\",\"position\":1,\"name\":\"Portada\",\"item\":\"https:\/\/departamentomedicinaclinica.umh.es\/\"},{\"@type\":\"ListItem\",\"position\":2,\"name\":\"Postgrado\"}]}]}<\/script>\n<!-- \/ Yoast SEO plugin. -->","yoast_head_json":{"description":"Departamento Medicina Cl\u00ednica Universidad Miguel Her\u00e1ndez - Postgrado","robots":{"index":"index","follow":"follow","max-snippet":"max-snippet:-1","max-image-preview":"max-image-preview:large","max-video-preview":"max-video-preview:-1"},"canonical":"https:\/\/departamentomedicinaclinica.umh.es\/en\/postgrado-2\/","og_locale":"en_US","og_type":"article","og_title":"Postgrado - Departamento de Medicina Cl\u00ednica UMH","og_description":"Departamento Medicina Cl\u00ednica Universidad Miguel Her\u00e1ndez - Postgrado","og_url":"https:\/\/departamentomedicinaclinica.umh.es\/postgrado-2\/","og_site_name":"Departamento de Medicina Cl\u00ednica UMH","article_modified_time":"2022-12-01T15:04:45+00:00","twitter_card":"summary_large_image","twitter_site":"@medicinaumh","twitter_misc":{"Est. reading time":"1 minute"},"schema":{"@context":"https:\/\/schema.org","@graph":[{"@type":"Organization","@id":"https:\/\/departamentomedicinaclinica.umh.es\/#organization","name":"Departamento Medicina Cl\u00ednica Universidad Miguel Hern\u00e1ndez de Elche","url":"https:\/\/departamentomedicinaclinica.umh.es\/","sameAs":["https:\/\/www.youtube.com\/playlist?list=PLClKgnzRFYe6Y_i4QLNSlOwsZn0X3Klmb","https:\/\/twitter.com\/medicinaumh"],"logo":{"@type":"ImageObject","@id":"https:\/\/departamentomedicinaclinica.umh.es\/#logo","inLanguage":"en-US","url":"https:\/\/departamentomedicinaclinica.umh.es\/files\/2024\/07\/meclin-vertical.png","contentUrl":"https:\/\/departamentomedicinaclinica.umh.es\/files\/2024\/07\/meclin-vertical.png","width":1376,"height":1600,"caption":"Departamento Medicina Cl\u00ednica Universidad Miguel Hern\u00e1ndez de Elche"},"image":{"@id":"https:\/\/departamentomedicinaclinica.umh.es\/#logo"}},{"@type":"WebSite","@id":"https:\/\/departamentomedicinaclinica.umh.es\/#website","url":"https:\/\/departamentomedicinaclinica.umh.es\/","name":"Departamento de Medicina Cl\u00ednica UMH","description":"Otro sitio m\u00e1s de Zeus.umh.es Blogs","publisher":{"@id":"https:\/\/departamentomedicinaclinica.umh.es\/#organization"},"potentialAction":[{"@type":"SearchAction","target":{"@type":"EntryPoint","urlTemplate":"https:\/\/departamentomedicinaclinica.umh.es\/?s={search_term_string}"},"query-input":"required name=search_term_string"}],"inLanguage":"en-US"},{"@type":"WebPage","@id":"https:\/\/departamentomedicinaclinica.umh.es\/postgrado-2\/#webpage","url":"https:\/\/departamentomedicinaclinica.umh.es\/postgrado-2\/","name":"Postgrado - Departamento de Medicina Cl\u00ednica UMH","isPartOf":{"@id":"https:\/\/departamentomedicinaclinica.umh.es\/#website"},"datePublished":"2022-03-16T13:55:54+00:00","dateModified":"2022-12-01T15:04:45+00:00","description":"Departamento Medicina Cl\u00ednica Universidad Miguel Her\u00e1ndez - Postgrado","breadcrumb":{"@id":"https:\/\/departamentomedicinaclinica.umh.es\/postgrado-2\/#breadcrumb"},"inLanguage":"en-US","potentialAction":[{"@type":"ReadAction","target":["https:\/\/departamentomedicinaclinica.umh.es\/postgrado-2\/"]}]},{"@type":"BreadcrumbList","@id":"https:\/\/departamentomedicinaclinica.umh.es\/postgrado-2\/#breadcrumb","itemListElement":[{"@type":"ListItem","position":1,"name":"Portada","item":"https:\/\/departamentomedicinaclinica.umh.es\/"},{"@type":"ListItem","position":2,"name":"Postgrado"}]}]}},"_links":{"self":[{"href":"https:\/\/departamentomedicinaclinica.umh.es\/en\/wp-json\/wp\/v2\/pages\/26047"}],"collection":[{"href":"https:\/\/departamentomedicinaclinica.umh.es\/en\/wp-json\/wp\/v2\/pages"}],"about":[{"href":"https:\/\/departamentomedicinaclinica.umh.es\/en\/wp-json\/wp\/v2\/types\/page"}],"author":[{"embeddable":true,"href":"https:\/\/departamentomedicinaclinica.umh.es\/en\/wp-json\/wp\/v2\/users\/3782"}],"replies":[{"embeddable":true,"href":"https:\/\/departamentomedicinaclinica.umh.es\/en\/wp-json\/wp\/v2\/comments?post=26047"}],"version-history":[{"count":0,"href":"https:\/\/departamentomedicinaclinica.umh.es\/en\/wp-json\/wp\/v2\/pages\/26047\/revisions"}],"wp:attachment":[{"href":"https:\/\/departamentomedicinaclinica.umh.es\/en\/wp-json\/wp\/v2\/media?parent=26047"}],"curies":[{"name":"wp","href":"https:\/\/api.w.org\/{rel}","templated":true}]}}