{"id":26053,"date":"2022-03-17T07:57:09","date_gmt":"2022-03-17T07:57:09","guid":{"rendered":"https:\/\/departamentomedicinaclinica.umh.es\/?page_id=26053"},"modified":"2024-04-19T09:54:14","modified_gmt":"2024-04-19T09:54:14","slug":"enlaces-de-interes-2","status":"publish","type":"page","link":"https:\/\/departamentomedicinaclinica.umh.es\/en\/enlaces-de-interes-2\/","title":{"rendered":"Links of Interest"},"content":{"rendered":"<p>&nbsp;<\/p>\n<h1 style=\"text-align: center\"><strong>Links of interest<\/strong><\/h1>\n<p>&nbsp;<\/p>\n<p>Links of interest to <strong> bibliographic resources, scientific journals, publications and medical associations <\/strong> and other links of interest related to the Department of Clinical Medicine UMH.<\/p>\n<p>&nbsp;<\/p>\n<h2><strong> UMH Digital Library <\/strong><\/h2>\n<p><a title=\"Access the UMH digital library in a new window\" href=\"http:\/\/biblioteca.umh.es\/biblioteca-digital\" target=\"_blank\" rel=\"noopener\"> Access to the UMH Digital Library <\/a><br \/>\n<a title=\"Remote access to the UMH Digital Library\" href=\"http:\/\/biblioteca.umh.es\/biblioteca-digital\/acceso-remoto\" target=\"_blank\" rel=\"noopener\"> Remote access to the UMH Digital Library <\/a><br \/>\n<a title=\"All services for UMH professors at a click\" href=\"http:\/\/biblioteca.umh.es\/servicios-al-profesorado\/ayuda-al-investigador\/\" target=\"_ blank\" rel=\"noopener\"> Help the UMH researcher <\/a><br \/>\n<a title=\"Access the Discovery search engine in a new window\" href=\"http:\/\/biblioteca.umh.es\/biblioteca-digital\/acceso-a-recursos-combinados-de-la-umh\/\" target=\"_ blank\" rel=\"noopener\"> Disscovery UMH Finder <\/a><br \/>\n<a title=\"Visit the Bibliographic Catalog of the UMH in a new window\" href=\"http:\/\/zbiblio.umh.es\/uhtbin\/cgisirsi\/?ps=LAstxhrPQH\/UMHE\/9200022\/60\/64\/ X\" target=\" _ blank \" rel=\"noopener\"> UMH Bibliographic Catalog <\/a><br \/>\n<a title=\"Renew the loan of your UMH library books in a new window\" href=\"http:\/\/zbiblio.umh.es\/uhtbin\/cgisirsi\/0\/0\/0\/29\/61 \/ X \/ 3\" target=\" _ blank \" rel=\"noopener\"> Renewal of UMH bibliographic loan <\/a><br \/>\n<a title=\" Access the Catalog of Electronic Journals in a new window\" href=\"https:\/\/autentica.umh.es\/SAML2\/SSOService.php\" target=\"_blank\" rel=\"noopener\"> Catalog of Electronic Journals (Access custom UMH) <\/a><br \/>\n<a title=\"Visit other UMH portals and databases in a new window\" href=\"http:\/\/biblioteca.umh.es\/biblioteca-digital\/bases-de-datos-con-acceso- desde-umh \/\" target=\" _ blank \" rel=\"noopener\"> UMH databases and other portals <\/a><br \/>\n<a title=\"Access freeform databases in a new window\" href=\"http:\/\/biblioteca.umh.es\/biblioteca-digital\/bases-de-datos-con-acceso-gratuito- on-internet \/\" target=\" _ blank \" rel=\"noopener\"> Databases with free access <\/a><br \/>\n<a title=\"Electronic books and other UMH resources in a new window\" href=\"http:\/\/biblioteca.umh.es\/biblioteca-digital\/libros-ey-otros-recursos-gratuitos\/\" target=\" _blank \" rel=\"noopener\"> UMH eBooks and other resources <\/a><br \/>\n<a title=\"Access other UMH bibliographic managers in a new window\" href=\"http:\/\/biblioteca.umh.es\/biblioteca-digital\/gestores-bibliograficos-2\" target=\"_blank\" rel=\"noopener\"> Bibliographic managers UMH (EndNote, RefWorks. ProQuest Flow, MENDELEY) <\/a><br \/>\n<a title=\"Access the UMH Digital Repository in a new window\" href=\"http:\/\/dspace.umh.es\/\" target=\"_blank\" rel=\"noopener\"> UMH RediUMH Digital Repository <\/a><br \/>\n<a title=\"Visit the official bulletins of the UMH in a new window\" href=\"http:\/\/biblioteca.umh.es\/biblioteca-digital\/boletines-oficial\/\" target=\"_blank\" rel=\"noopener\"> Official Gazettes UMH <\/a><\/p>\n<p>&nbsp;<\/p>\n<h2><strong> Resources <\/strong> of the <strong> Miguel Hern\u00e1ndez University <\/strong> library<\/h2>\n<p>Undergraduate and master&#8217;s degree students can access the resources of the Miguel Hern\u00e1ndez University library:<\/p>\n<p><a title=\"You will see it in a new window\" href=\"http:\/\/publicaciones.umh.es\/\" target=\"_blank\" rel=\"noopener\"> publications.umh.es <\/a><br \/>\n<a title=\"You will see it in a new window\" href=\"http:\/\/library.umh.es\/services\/\" target=\"_blank\" rel=\"noopener\"> library.umh.es\/services <\/a><br \/>\n<a title=\"You will see it in a new window\" href=\"http:\/\/biblioteca.umh.es\/biblioteca-digital\" target=\"_blank\" rel=\"noopener\"> library.umh.es\/biblioteca-digital <\/a><\/p>\n<p>To enter you must identify yourself as for other university study documentation.<br \/>\nResources are available such as:<\/p>\n<ul>\n<li>Main platforms and databases<\/li>\n<li>Alphabetical listing of journals and other databases<\/li>\n<li>Electronic book through the <strong> e-book platform <\/strong><\/li>\n<\/ul>\n<p>In case of incidents you can contact:<\/p>\n<p><a href=\"mailto:biblio.ccsalud@umh.es\" target=\"_blank\" rel=\"noopener\"> biblio.ccsalud@umh.es <\/a><br \/>\n<a href=\"mailto:biblio_inves@umh.es\" target=\"_blank\" rel=\"noopener\"> biblio_inves@umh.es <\/a><\/p>\n<p>&nbsp;<\/p>\n<h2><strong> Supporting the research of UMH staff <\/strong><\/h2>\n<p><a title=\"Access now more services for the UMH PDI in a new window\" href=\"http:\/\/serviciopdi.umh.es\/\" target=\"_blank\" rel=\"noopener\"> UMH Research Teaching Personnel Service <\/a><br \/>\n<a title=\"Access resources for UMH research faculty in a new window\" href=\"http:\/\/biblioteca.umh.es\/servicios-al-profesorado\/fuentes-para-la-evaluacion- de-la-investigacion \/\" target=\" _ blank \" rel=\"noopener\"> Sources for research evaluation <\/a><br \/>\n<a title=\"Visit the UMH Registration unit in a new window\" href=\"http:\/\/registro.umh.es\/novedades\/\" target=\"_blank\" rel=\"noopener\"> Documentation, Archive and Registration Unit UMH <\/a><br \/>\n<a title=\"Access JCR in a new window\" href=\"http:\/\/www.accesowok.fecyt.es\/jcr\" target=\"_blank\" rel=\"noopener\"> JCR Journal Citation Reports <\/a> <!-- p --><br \/>\n<a title=\"Visit the SJR in a new window\" href=\"http:\/\/www.scimagojr.com\/journalrank.php\" target=\"_blank\" rel=\"noopener\"> Scimago Journal Rank (SJR) <\/a><br \/>\n<a title=\"Visit the European Science Foundation in a new window\" href=\"http:\/\/www.esf.org\/index.php?id=4813\" target=\"_blank\" rel=\"noopener\"> European Reference Index for the Humanities ERIH <\/a><br \/>\n<a title=\"Access the Catalog of Spanish Medical Journals\" href=\"http:\/\/ime.uv.es\/imecitas\/impacto_ime.asp\" target=\"_blank\" rel=\"noopener\"> Impact factor of Spanish Medical Journals IHCD <\/a><br \/>\n<a title=\"Visit the Information Matrix for Magazine Analysis in a new window\" href=\"http:\/\/miar.ub.edu\/en\/presentacion\" target=\"_blank\" rel=\"noopener\"> Information Matrix for the Analysis of MIAR Magazines <\/a><br \/>\n<a title=\"Check the Impact Index of the Spanish journals of human sciences in a new window\" href=\"http:\/\/ec3.ugr.es\/in-rech\/\" target=\"_blank\" rel=\"noopener\"> Index impact of the Spanish human science journals IN-RECH <\/a><\/p>\n<p>&nbsp;<\/p>\n<h2><b> Journals, scientific publications and organizations <\/b><\/h2>\n<p><a title=\"Visit the post in a new window\" href=\"http:\/\/onlinelibrary.wiley.com\/journal\/10.3322\/(ISSN)1542-4863\" target=\"_blank\" rel=\"noopener\"> CA: A Cancer Journal for Clinicians <\/a><br \/>\n<a title=\"Access the publication in a new window\" href=\"http:\/\/www.annualreviews.org\/journal\/immunol\" target=\"_blank\" rel=\"noopener\"> Annual Review of Immunology <\/a><br \/>\n<a title=\"Visit the magazine in a new window\" href=\"http:\/\/www.cell.com\/\" target=\"_blank\" rel=\"noopener\"> Cell Press <\/a><br \/>\n<a title=\"Visit the scientific journal in a new window\" href=\"https:\/\/www.nature.com\/\" target=\"_blank\" rel=\"noopener\"> Nature Genetics <\/a><br \/>\n<a title=\"Visit the web in a new window\" href=\"http:\/\/www.annualreviews.org\/journal\/neuro\" target=\"_blank\" rel=\"noopener\"> Annual Reviews Neurology <\/a><br \/>\n<a title=\"Visit the American Psychological Society in a new window\" href=\"http:\/\/physrev.physiology.org\/\" target=\"_blank\" rel=\"noopener\"> American Physcological Society <\/a><br \/>\n<a title=\"Visit Nature Immunology publications in a new window\" href=\"https:\/\/www.nature.com\/ni\/index.html\" target=\"_blank\" rel=\"noopener\"> Nature Immunology <\/a><br \/>\n<a title=\"Visit the prestigious New England Journal of Medicine in a new window\" href=\"http:\/\/www.nejm.org\/\" target=\"_blank\" rel=\"noopener\"> The New England Journal of Medicine<\/a><br \/>\n<a title=\"Access the Spanish Society of Rheumatology in a new window\" href=\"http:\/\/www.ser.es\/\" target=\"_blank\" rel=\"noopener\"> Spanish Society of Rheumatology <\/a><br \/>\n<a title=\"You will see it in a new window\" href=\"http:\/\/www.secardiologia.es\/\" target=\"_blank\" rel=\"noopener\"> Spanish Society of Cardiology <\/a><br \/>\n<a title=\"You will see the SEPAR website in a new window\" href=\"http:\/\/www.separ.es\/\" target=\"_blank\" rel=\"noopener\"> Spanish Society of Respiratory Tract Pathology <\/a><br \/>\n<a title=\"Access the SEMI content in a new window\" href=\"https:\/\/www.fesemi.org\/\" target=\"_blank\" rel=\"noopener\"> Spanish Society of Internal Medicine | SEMI <\/a><br \/>\n<a title=\"Access the blog contents in a new window\" href=\"https:\/\/psychologyofemergencies.blogspot.com.es\/\" target=\"_blank\" rel=\"noopener\"> Blog of Psychology of Urgencies and Emergencies<\/a><br \/>\n<a title=\"Access the contents of the UMH magazine in a new window\" href=\"http:\/\/revistapsicologiasalud.umh.es\/\" target=\"_blank\" rel=\"noopener\"> UMH Health Psychology Magazine<\/a><br \/>\n<a title=\"Access the contents of the UMH magazine in a new window\" href=\"http:\/\/revistapsicologiasalud.umh.es\/\" target=\"_blank\" rel=\"noopener\">Magazine Psychology of Health UMH<\/a><br \/>\n<a title=\"Access one of the references of Medicine in Spanish in a new window\" href=\"http:\/\/www.revespcardiol.org\/\" target=\"_blank\" rel=\"noopener\"> Spanish Journal of Cardiology<\/a><br \/>\n<a title=\"Visit the Health Gazette in a new window\" href=\"http:\/\/gacetasanitaria.org\/\" target=\"_blank\" rel=\"noopener\"> Health Gazette <\/a><br \/>\n<a title=\"Access the SEIMC website in a new window\" href=\"http:\/\/www.seimc.org\/\" target=\"_blank\" rel=\"noopener\"> Spanish Society of Infectious Diseases and Clinical Microbiology SEIMC<\/a><br \/>\n<a title=\"Access this publication in a new window\" href=\"http:\/\/actaspsiquiatria.es\/\" target=\"_blank\" rel=\"noopener\"> Spanish Acts of Psychiatry <\/a><br \/>\n<a title=\"Visit the Spanish Journal of Public Health in a new window\" href=\"http:\/\/www.msssi.gob.es\/biblioPublic\/publicaciones\/recursos_propios\/resp\/home.htm\" target=\" _blank \" rel=\"noopener\"> Spanish Journal of Public Health <\/a><br \/>\n<a title=\"Visit this dermatological publication in a new window\" href=\"http:\/\/www.actasdermo.org\/\" target=\"_blank\" rel=\"noopener\"> Dermo-Silfilogr\u00e1ficas Acts <\/a><br \/>\n<a title=\"Visit the Spanish scientific journal in a new window\" href=\"http:\/\/www.neurologia.com\/\" target=\"_blank\" rel=\"noopener\"> Journal of Neurology <\/a><br \/>\n<a title=\"Access this medical publication in a new window\" href=\"http:\/\/www.revclinesp.es\/\" target=\"_blank\" rel=\"noopener\"> Spanish Clinical Journal <\/a><br \/>\n<a title=\"Access SEPAR in a new window\" href=\"http:\/\/www.separ.es\/\" target=\"_blank\" rel=\"noopener\"> Spanish Society of Pneumology and Thoracic Surgery SEPAR <\/a><br \/>\n<a title=\"You will see it in a new window\" href=\"http:\/\/www.escardio.org\/\" target=\"_blank\" rel=\"noopener\"> European Society of Cardiology <\/a><br \/>\n<a title=\"Expand the information in a new window\" href=\"http:\/\/www.secardiologia.es\/cientifico\/guias-clinicas\" target=\"_blank\" rel=\"noopener\"> Clinical guidelines for action in Cardiology<\/a><br \/>\n<a title=\"Access the SEHH website in a new window\" href=\"http:\/\/www.sehh.es\/es\/\" target=\"_blank\" rel=\"noopener\"> Spanish Society of Hematology and Hemotherapy | SEHH <\/a><br \/>\n<a title=\"Access the SEPADEM website in a new window\" href=\"http:\/\/sepadem.com\/\" target=\"_blank\" rel=\"noopener\"> Spanish Society of Spanish Psychology Applied to Disasters, Emergencies and Emergencies SEPADEM <\/a><br \/>\n<a title=\"Access ESCMID in a new window\" href=\"https:\/\/www.escmid.org\/\" target=\"_blank\" rel=\"noopener\"> European Society for Clinical Microbiology and Infectious Diseases <\/a><\/p>","protected":false},"excerpt":{"rendered":"<p>&nbsp; Links of interest &nbsp; Links of interest to bibliographic resources, scientific journals, publications and medical associations and other links of interest related to the Department of Clinical Medicine UMH. &nbsp; UMH Digital Library Access to the UMH Digital Library Remote access to the UMH Digital Library Help the UMH researcher Disscovery UMH Finder UMH [&hellip;]<\/p>\n","protected":false},"author":3782,"featured_media":0,"parent":0,"menu_order":65,"comment_status":"closed","ping_status":"closed","template":"","meta":{"_links_to":"","_links_to_target":""},"yoast_head":"<!-- This site is optimized with the Yoast SEO plugin v17.5 - https:\/\/yoast.com\/wordpress\/plugins\/seo\/ -->\n<meta name=\"description\" content=\"Departamento Medicina Cl\u00ednica Universidad Miguel Her\u00e1ndez - Links of Interest\" \/>\n<meta name=\"robots\" content=\"index, follow, max-snippet:-1, max-image-preview:large, max-video-preview:-1\" \/>\n<link rel=\"canonical\" href=\"https:\/\/departamentomedicinaclinica.umh.es\/en\/enlaces-de-interes-2\/\" \/>\n<meta property=\"og:locale\" content=\"en_US\" \/>\n<meta property=\"og:type\" content=\"article\" \/>\n<meta property=\"og:title\" content=\"Links of Interest - Departamento de Medicina Cl\u00ednica UMH\" \/>\n<meta property=\"og:description\" content=\"Departamento Medicina Cl\u00ednica Universidad Miguel Her\u00e1ndez - Links of Interest\" \/>\n<meta property=\"og:url\" content=\"https:\/\/departamentomedicinaclinica.umh.es\/ca\/enlaces-de-interes-2\/\" \/>\n<meta property=\"og:site_name\" content=\"Departamento de Medicina Cl\u00ednica UMH\" \/>\n<meta property=\"article:modified_time\" content=\"2024-04-19T09:54:14+00:00\" \/>\n<meta name=\"twitter:card\" content=\"summary_large_image\" \/>\n<meta name=\"twitter:site\" content=\"@medicinaumh\" \/>\n<meta name=\"twitter:label1\" content=\"Est. reading time\" \/>\n\t<meta name=\"twitter:data1\" content=\"7 minutes\" \/>\n<script type=\"application\/ld+json\" class=\"yoast-schema-graph\">{\"@context\":\"https:\/\/schema.org\",\"@graph\":[{\"@type\":\"Organization\",\"@id\":\"https:\/\/departamentomedicinaclinica.umh.es\/#organization\",\"name\":\"Departamento Medicina Cl\\u00ednica Universidad Miguel Hern\\u00e1ndez de Elche\",\"url\":\"https:\/\/departamentomedicinaclinica.umh.es\/\",\"sameAs\":[\"https:\/\/www.youtube.com\/playlist?list=PLClKgnzRFYe6Y_i4QLNSlOwsZn0X3Klmb\",\"https:\/\/twitter.com\/medicinaumh\"],\"logo\":{\"@type\":\"ImageObject\",\"@id\":\"https:\/\/departamentomedicinaclinica.umh.es\/#logo\",\"inLanguage\":\"en-US\",\"url\":\"https:\/\/departamentomedicinaclinica.umh.es\/files\/2024\/07\/meclin-vertical.png\",\"contentUrl\":\"https:\/\/departamentomedicinaclinica.umh.es\/files\/2024\/07\/meclin-vertical.png\",\"width\":1376,\"height\":1600,\"caption\":\"Departamento Medicina Cl\\u00ednica Universidad Miguel Hern\\u00e1ndez de Elche\"},\"image\":{\"@id\":\"https:\/\/departamentomedicinaclinica.umh.es\/#logo\"}},{\"@type\":\"WebSite\",\"@id\":\"https:\/\/departamentomedicinaclinica.umh.es\/#website\",\"url\":\"https:\/\/departamentomedicinaclinica.umh.es\/\",\"name\":\"Departamento de Medicina Cl\\u00ednica UMH\",\"description\":\"Otro sitio m\\u00e1s de Zeus.umh.es Blogs\",\"publisher\":{\"@id\":\"https:\/\/departamentomedicinaclinica.umh.es\/#organization\"},\"potentialAction\":[{\"@type\":\"SearchAction\",\"target\":{\"@type\":\"EntryPoint\",\"urlTemplate\":\"https:\/\/departamentomedicinaclinica.umh.es\/?s={search_term_string}\"},\"query-input\":\"required name=search_term_string\"}],\"inLanguage\":\"en-US\"},{\"@type\":\"WebPage\",\"@id\":\"https:\/\/departamentomedicinaclinica.umh.es\/ca\/enlaces-de-interes-2\/#webpage\",\"url\":\"https:\/\/departamentomedicinaclinica.umh.es\/ca\/enlaces-de-interes-2\/\",\"name\":\"Links of Interest - Departamento de Medicina Cl\\u00ednica UMH\",\"isPartOf\":{\"@id\":\"https:\/\/departamentomedicinaclinica.umh.es\/#website\"},\"datePublished\":\"2022-03-17T07:57:09+00:00\",\"dateModified\":\"2024-04-19T09:54:14+00:00\",\"description\":\"Departamento Medicina Cl\\u00ednica Universidad Miguel Her\\u00e1ndez - Links of Interest\",\"breadcrumb\":{\"@id\":\"https:\/\/departamentomedicinaclinica.umh.es\/ca\/enlaces-de-interes-2\/#breadcrumb\"},\"inLanguage\":\"en-US\",\"potentialAction\":[{\"@type\":\"ReadAction\",\"target\":[\"https:\/\/departamentomedicinaclinica.umh.es\/ca\/enlaces-de-interes-2\/\"]}]},{\"@type\":\"BreadcrumbList\",\"@id\":\"https:\/\/departamentomedicinaclinica.umh.es\/ca\/enlaces-de-interes-2\/#breadcrumb\",\"itemListElement\":[{\"@type\":\"ListItem\",\"position\":1,\"name\":\"Portada\",\"item\":\"https:\/\/departamentomedicinaclinica.umh.es\/\"},{\"@type\":\"ListItem\",\"position\":2,\"name\":\"Links d&#8217;inter\\u00e9s\"}]}]}<\/script>\n<!-- \/ Yoast SEO plugin. -->","yoast_head_json":{"description":"Departamento Medicina Cl\u00ednica Universidad Miguel Her\u00e1ndez - Links of Interest","robots":{"index":"index","follow":"follow","max-snippet":"max-snippet:-1","max-image-preview":"max-image-preview:large","max-video-preview":"max-video-preview:-1"},"canonical":"https:\/\/departamentomedicinaclinica.umh.es\/en\/enlaces-de-interes-2\/","og_locale":"en_US","og_type":"article","og_title":"Links of Interest - Departamento de Medicina Cl\u00ednica UMH","og_description":"Departamento Medicina Cl\u00ednica Universidad Miguel Her\u00e1ndez - Links of Interest","og_url":"https:\/\/departamentomedicinaclinica.umh.es\/ca\/enlaces-de-interes-2\/","og_site_name":"Departamento de Medicina Cl\u00ednica UMH","article_modified_time":"2024-04-19T09:54:14+00:00","twitter_card":"summary_large_image","twitter_site":"@medicinaumh","twitter_misc":{"Est. reading time":"7 minutes"},"schema":{"@context":"https:\/\/schema.org","@graph":[{"@type":"Organization","@id":"https:\/\/departamentomedicinaclinica.umh.es\/#organization","name":"Departamento Medicina Cl\u00ednica Universidad Miguel Hern\u00e1ndez de Elche","url":"https:\/\/departamentomedicinaclinica.umh.es\/","sameAs":["https:\/\/www.youtube.com\/playlist?list=PLClKgnzRFYe6Y_i4QLNSlOwsZn0X3Klmb","https:\/\/twitter.com\/medicinaumh"],"logo":{"@type":"ImageObject","@id":"https:\/\/departamentomedicinaclinica.umh.es\/#logo","inLanguage":"en-US","url":"https:\/\/departamentomedicinaclinica.umh.es\/files\/2024\/07\/meclin-vertical.png","contentUrl":"https:\/\/departamentomedicinaclinica.umh.es\/files\/2024\/07\/meclin-vertical.png","width":1376,"height":1600,"caption":"Departamento Medicina Cl\u00ednica Universidad Miguel Hern\u00e1ndez de Elche"},"image":{"@id":"https:\/\/departamentomedicinaclinica.umh.es\/#logo"}},{"@type":"WebSite","@id":"https:\/\/departamentomedicinaclinica.umh.es\/#website","url":"https:\/\/departamentomedicinaclinica.umh.es\/","name":"Departamento de Medicina Cl\u00ednica UMH","description":"Otro sitio m\u00e1s de Zeus.umh.es Blogs","publisher":{"@id":"https:\/\/departamentomedicinaclinica.umh.es\/#organization"},"potentialAction":[{"@type":"SearchAction","target":{"@type":"EntryPoint","urlTemplate":"https:\/\/departamentomedicinaclinica.umh.es\/?s={search_term_string}"},"query-input":"required name=search_term_string"}],"inLanguage":"en-US"},{"@type":"WebPage","@id":"https:\/\/departamentomedicinaclinica.umh.es\/ca\/enlaces-de-interes-2\/#webpage","url":"https:\/\/departamentomedicinaclinica.umh.es\/ca\/enlaces-de-interes-2\/","name":"Links of Interest - Departamento de Medicina Cl\u00ednica UMH","isPartOf":{"@id":"https:\/\/departamentomedicinaclinica.umh.es\/#website"},"datePublished":"2022-03-17T07:57:09+00:00","dateModified":"2024-04-19T09:54:14+00:00","description":"Departamento Medicina Cl\u00ednica Universidad Miguel Her\u00e1ndez - Links of Interest","breadcrumb":{"@id":"https:\/\/departamentomedicinaclinica.umh.es\/ca\/enlaces-de-interes-2\/#breadcrumb"},"inLanguage":"en-US","potentialAction":[{"@type":"ReadAction","target":["https:\/\/departamentomedicinaclinica.umh.es\/ca\/enlaces-de-interes-2\/"]}]},{"@type":"BreadcrumbList","@id":"https:\/\/departamentomedicinaclinica.umh.es\/ca\/enlaces-de-interes-2\/#breadcrumb","itemListElement":[{"@type":"ListItem","position":1,"name":"Portada","item":"https:\/\/departamentomedicinaclinica.umh.es\/"},{"@type":"ListItem","position":2,"name":"Links d&#8217;inter\u00e9s"}]}]}},"_links":{"self":[{"href":"https:\/\/departamentomedicinaclinica.umh.es\/en\/wp-json\/wp\/v2\/pages\/26053"}],"collection":[{"href":"https:\/\/departamentomedicinaclinica.umh.es\/en\/wp-json\/wp\/v2\/pages"}],"about":[{"href":"https:\/\/departamentomedicinaclinica.umh.es\/en\/wp-json\/wp\/v2\/types\/page"}],"author":[{"embeddable":true,"href":"https:\/\/departamentomedicinaclinica.umh.es\/en\/wp-json\/wp\/v2\/users\/3782"}],"replies":[{"embeddable":true,"href":"https:\/\/departamentomedicinaclinica.umh.es\/en\/wp-json\/wp\/v2\/comments?post=26053"}],"version-history":[{"count":0,"href":"https:\/\/departamentomedicinaclinica.umh.es\/en\/wp-json\/wp\/v2\/pages\/26053\/revisions"}],"wp:attachment":[{"href":"https:\/\/departamentomedicinaclinica.umh.es\/en\/wp-json\/wp\/v2\/media?parent=26053"}],"curies":[{"name":"wp","href":"https:\/\/api.w.org\/{rel}","templated":true}]}}